{"id":675,"date":"2024-04-06T13:03:43","date_gmt":"2024-04-06T06:03:43","guid":{"rendered":"https:\/\/diaockhoinguon.com.vn\/?page_id=675"},"modified":"2024-04-23T14:24:22","modified_gmt":"2024-04-23T07:24:22","slug":"lien-he","status":"publish","type":"page","link":"https:\/\/diaockhoinguon.com.vn\/?page_id=675","title":{"rendered":"Li\u00ean h\u1ec7"},"content":{"rendered":"\t<div class=\"img has-hover x md-x lg-x y md-y lg-y\" id=\"image_221684310\">\n\t\t\t\t\t\t\t\t<div class=\"img-inner dark\" >\n\t\t\t<img loading=\"lazy\" decoding=\"async\" width=\"420\" height=\"127\" src=\"https:\/\/diaockhoinguon.com.vn\/wp-content\/uploads\/2024\/04\/he-sinh-thai-adv.png\" class=\"attachment-original size-original\" alt=\"\" \/>\t\t\t\t\t\t\n\t\t\t\t\t<\/div>\n\t\t\t\t\t\t\t\t\n<style>\n#image_221684310 {\n  width: 100%;\n}\n<\/style>\n\t<\/div>\n\t\n\t<section class=\"section\" id=\"section_938315676\">\n\t\t<div class=\"bg section-bg fill bg-fill  bg-loaded\" >\n\n\t\t\t\n\t\t\t\n\t\t\t\n\n\t\t<\/div>\n\n\t\t\n\n\t\t<div class=\"section-content relative\">\n\t\t\t\n<div class=\"row\"  id=\"row-1502313376\">\n\n\t<div id=\"col-900781195\" class=\"col small-12 large-12\"  >\n\t\t\t\t<div class=\"col-inner\"  >\n\t\t\t\n\t\t\t\n\t<div id=\"text-1815989023\" class=\"text title-header\">\n\t\t\n<h1>Li\u00ean H\u1ec7<\/h1>\n\t\t\t<\/div>\n\t\n\t<div id=\"gap-921698409\" class=\"gap-element clearfix\" style=\"display:block; height:auto;\">\n\t\t\n<style>\n#gap-921698409 {\n  padding-top: 50px;\n}\n<\/style>\n\t<\/div>\n\t\n<div class=\"row\"  id=\"row-1914696785\">\n\n\t<div id=\"col-1318240557\" class=\"col medium-6 small-12 large-6\"  >\n\t\t\t\t<div class=\"col-inner\"  >\n\t\t\t\n\t\t\t\n<div class=\"box-title\">\n<div class=\"box-title-name\"><span class=\"null\">TH\u00d4NG TIN LI\u00caN H\u1ec6<\/span><\/div>\n<\/div>\n<div class=\"col-inner\">\n<h2 class=\"text-&#091;26px&#093; text-white font-bold uppercase pb-9 lg:text-xl\">C\u00d4NG TY TNHH TH\u01af\u01a0NG M\u1ea0I D\u1ecaCH V\u1ee4 \u0110\u1ecaA \u1ed0C KH\u1edeI NGU\u1ed2N<\/h2>\n<div class=\"flex items-center left-item\"><i class=\"text-white text-2xl min-w-&#091;40px&#093; fas fa-map-marker-alt\"><\/i>NP06 &#8211; 16N2 KHU \u0110\u00d4 TH\u1eca TH\u01af\u01a0NG M\u1ea0I D\u1ecaCH V\u1ee4 THE SEASON, PH\u01af\u1edcNG L\u00c1I THI\u00caU, TH\u00c0NH PH\u1ed0 THU\u1eacN AN, B\u00ccNH D\u01af\u01a0NG<\/div>\n<div><\/div>\n<div class=\"flex items-center left-item\"><i class=\"text-white text-2xl min-w-&#091;40px&#093; fas fa-envelope\"><\/i><span class=\"text-xl text-white lg:text-base \">\u00a0tuyendung@khoinguon.com.vn<\/span><\/div>\n<div><\/div>\n<div class=\"flex items-center left-item\"><i class=\"text-white text-2xl min-w-&#091;40px&#093; fas fa-phone-alt\"><\/i><span class=\"text-xl text-white lg:text-base \">\u00a00888.132.888<\/span><\/div>\n<\/div>\n\t\t<\/div>\n\t\t\t\t\t<\/div>\n\n\t\n\n\t<div id=\"col-2081600678\" class=\"col medium-6 small-12 large-6\"  >\n\t\t\t\t<div class=\"col-inner\"  >\n\t\t\t\n\t\t\t\n<div class=\"box-title\">\n<div class=\"box-title-name\"><span class=\"null\">G\u1eecI TH\u00d4NG TIN <\/span><\/div>\n<\/div>\n\n<div class=\"wpcf7 no-js\" id=\"wpcf7-f512-o1\" lang=\"vi\" dir=\"ltr\" data-wpcf7-id=\"512\">\n<div class=\"screen-reader-response\"><p role=\"status\" aria-live=\"polite\" aria-atomic=\"true\"><\/p> <ul><\/ul><\/div>\n<form action=\"\/index.php?rest_route=%2Fwp%2Fv2%2Fpages%2F675#wpcf7-f512-o1\" method=\"post\" class=\"wpcf7-form init\" aria-label=\"Form li\u00ean h\u1ec7\" novalidate=\"novalidate\" data-status=\"init\">\n<div style=\"display: none;\">\n<input type=\"hidden\" name=\"_wpcf7\" value=\"512\" \/>\n<input type=\"hidden\" name=\"_wpcf7_version\" value=\"6.0.6\" \/>\n<input type=\"hidden\" name=\"_wpcf7_locale\" value=\"vi\" \/>\n<input type=\"hidden\" name=\"_wpcf7_unit_tag\" value=\"wpcf7-f512-o1\" \/>\n<input type=\"hidden\" name=\"_wpcf7_container_post\" value=\"0\" \/>\n<input type=\"hidden\" name=\"_wpcf7_posted_data_hash\" value=\"\" \/>\n<\/div>\n<p><label><br \/>\n<span class=\"wpcf7-form-control-wrap\" data-name=\"your-name\"><input size=\"40\" maxlength=\"400\" class=\"wpcf7-form-control wpcf7-text wpcf7-validates-as-required\" aria-required=\"true\" aria-invalid=\"false\" placeholder=\"H\u1ecd t\u00ean c\u1ee7a b\u1ea1n\" value=\"\" type=\"text\" name=\"your-name\" \/><\/span> <\/label>\n<\/p>\n<p><label><br \/>\n<span class=\"wpcf7-form-control-wrap\" data-name=\"your-email\"><input size=\"40\" maxlength=\"400\" class=\"wpcf7-form-control wpcf7-email wpcf7-validates-as-required wpcf7-text wpcf7-validates-as-email\" aria-required=\"true\" aria-invalid=\"false\" placeholder=\"\u0110\u1ecba ch\u1ec9 email\" value=\"\" type=\"email\" name=\"your-email\" \/><\/span> <\/label>\n<\/p>\n<p><label><br \/>\n<span class=\"wpcf7-form-control-wrap\" data-name=\"your-phone\"><input size=\"40\" maxlength=\"400\" class=\"wpcf7-form-control wpcf7-tel wpcf7-validates-as-required wpcf7-text wpcf7-validates-as-tel\" aria-required=\"true\" aria-invalid=\"false\" placeholder=\"S\u1ed1 \u0111i\u1ec7n tho\u1ea1i\" value=\"\" type=\"tel\" name=\"your-phone\" \/><\/span> <\/label>\n<\/p>\n<p><label><br \/>\n<span class=\"wpcf7-form-control-wrap\" data-name=\"your-message\"><textarea cols=\"40\" rows=\"10\" maxlength=\"2000\" class=\"wpcf7-form-control wpcf7-textarea\" aria-invalid=\"false\" placeholder=\"N\u1ed9i dung tin nh\u1eafn\" name=\"your-message\"><\/textarea><\/span> <\/label>\n<\/p>\n<p><input class=\"wpcf7-form-control wpcf7-submit has-spinner\" type=\"submit\" value=\"G\u1eedi \u0111i\" \/>\n<\/p><div class=\"wpcf7-response-output\" aria-hidden=\"true\"><\/div>\n<\/form>\n<\/div>\n\n\t\t<\/div>\n\t\t\t\t\t<\/div>\n\n\t\n<\/div>\n<div class=\"box-title\">\n<div class=\"box-title-name\"><span class=\"null\">\u0110\u1ecaA CH\u1ec8 TR\u00caN B\u1ea2N \u0110\u1ed2<\/span><\/div>\n<\/div>\n<p><iframe loading=\"lazy\" style=\"border: 0;\" src=\"https:\/\/www.google.com\/maps\/embed?pb=!1m14!1m8!1m3!1d7837.789365105818!2d106.63834!3d10.819371152477286!3m2!1i1024!2i768!4f13.1!3m3!1m2!1s0x317529234384097f%3A0xb4905c311585c5da!2zU8OibiBCw7NuZyAyMzA!5e0!3m2!1svi!2sus!4v1712383405828!5m2!1svi!2sus\" width=\"100%\" height=\"450\" allowfullscreen=\"allowfullscreen\"><\/iframe><\/p>\n\t\t<\/div>\n\t\t\t\t\t<\/div>\n\n\t\n<\/div>\n\t\t<\/div>\n\n\t\t\n<style>\n#section_938315676 {\n  padding-top: 10px;\n  padding-bottom: 10px;\n}\n<\/style>\n\t<\/section>\n\t\n","protected":false},"excerpt":{"rendered":"","protected":false},"author":1,"featured_media":0,"parent":0,"menu_order":0,"comment_status":"closed","ping_status":"closed","template":"page-blank.php","meta":{"footnotes":""},"class_list":["post-675","page","type-page","status-publish","hentry"],"_links":{"self":[{"href":"https:\/\/diaockhoinguon.com.vn\/index.php?rest_route=\/wp\/v2\/pages\/675","targetHints":{"allow":["GET"]}}],"collection":[{"href":"https:\/\/diaockhoinguon.com.vn\/index.php?rest_route=\/wp\/v2\/pages"}],"about":[{"href":"https:\/\/diaockhoinguon.com.vn\/index.php?rest_route=\/wp\/v2\/types\/page"}],"author":[{"embeddable":true,"href":"https:\/\/diaockhoinguon.com.vn\/index.php?rest_route=\/wp\/v2\/users\/1"}],"replies":[{"embeddable":true,"href":"https:\/\/diaockhoinguon.com.vn\/index.php?rest_route=%2Fwp%2Fv2%2Fcomments&post=675"}],"version-history":[{"count":7,"href":"https:\/\/diaockhoinguon.com.vn\/index.php?rest_route=\/wp\/v2\/pages\/675\/revisions"}],"predecessor-version":[{"id":977,"href":"https:\/\/diaockhoinguon.com.vn\/index.php?rest_route=\/wp\/v2\/pages\/675\/revisions\/977"}],"wp:attachment":[{"href":"https:\/\/diaockhoinguon.com.vn\/index.php?rest_route=%2Fwp%2Fv2%2Fmedia&parent=675"}],"curies":[{"name":"wp","href":"https:\/\/api.w.org\/{rel}","templated":true}]}}