{"id":688,"date":"2024-04-06T13:08:45","date_gmt":"2024-04-06T06:08:45","guid":{"rendered":"https:\/\/diaockhoinguon.com.vn\/?page_id=688"},"modified":"2025-03-19T09:16:45","modified_gmt":"2025-03-19T02:16:45","slug":"tuyen-dung","status":"publish","type":"page","link":"https:\/\/diaockhoinguon.com.vn\/?page_id=688","title":{"rendered":"Tuy\u1ec3n D\u1ee5ng"},"content":{"rendered":"\t<div class=\"img has-hover x md-x lg-x y md-y lg-y\" id=\"image_127337630\">\n\t\t\t\t\t\t\t\t<div class=\"img-inner dark\" >\n\t\t\t<img loading=\"lazy\" decoding=\"async\" width=\"420\" height=\"127\" src=\"https:\/\/diaockhoinguon.com.vn\/wp-content\/uploads\/2024\/04\/he-sinh-thai-adv.png\" class=\"attachment-original size-original\" alt=\"\" \/>\t\t\t\t\t\t\n\t\t\t\t\t<\/div>\n\t\t\t\t\t\t\t\t\n<style>\n#image_127337630 {\n  width: 100%;\n}\n<\/style>\n\t<\/div>\n\t\n\t<section class=\"section\" id=\"section_15553466\">\n\t\t<div class=\"bg section-bg fill bg-fill  bg-loaded\" >\n\n\t\t\t\n\t\t\t\n\t\t\t\n\n\t\t<\/div>\n\n\t\t\n\n\t\t<div class=\"section-content relative\">\n\t\t\t\n<div class=\"row\"  id=\"row-913416626\">\n\n\t<div id=\"col-116930533\" class=\"col small-12 large-12\"  >\n\t\t\t\t<div class=\"col-inner\"  >\n\t\t\t\n\t\t\t\n\t<div id=\"text-2124810503\" class=\"text title-header\">\n\t\t\n<div class=\"message-bubble rounded-3xl prose dark:prose-invert break-words text-primary min-h-7 prose-p:opacity-95 prose-strong:opacity-100 w-full max-w-none\" dir=\"auto\">\n<h3><strong>[TUY\u1ec2N D\u1ee4NG] NH\u00c2N VI\u00caN KINH DOANH B\u1ea4T \u0110\u1ed8NG S\u1ea2N \u2013 C\u00d9NG \u0110\u1ecaA \u1ed0C KH\u1edeI NGU\u1ed2N V\u1eeeNG B\u01af\u1edaC T\u01af\u01a0NG LAI<\/strong><\/h3>\n<p class=\"break-words\">B\u1ea1n \u0111am m\u00ea kinh doanh? B\u1ea1n mu\u1ed1n th\u1eed s\u1ee9c trong l\u0129nh v\u1ef1c b\u1ea5t \u0111\u1ed9ng s\u1ea3n \u0111\u1ea7y ti\u1ec1m n\u0103ng? <strong>\u0110\u1ecba \u1ed1c Kh\u1edfi Ngu\u1ed3n<\/strong> \u2013 m\u1ed9t trong nh\u1eefng c\u00f4ng ty b\u1ea5t \u0111\u1ed9ng s\u1ea3n h\u00e0ng \u0111\u1ea7u v\u1edbi \u0111\u1ed9i ng\u0169 h\u01a1n 100 nh\u00e2n s\u1ef1 \u2013 \u0111ang t\u00ecm ki\u1ebfm nh\u1eefng chi\u1ebfn binh kinh doanh nhi\u1ec7t huy\u1ebft \u0111\u1ec3 c\u00f9ng ch\u00fang t\u00f4i ki\u1ebfn t\u1ea1o t\u01b0\u01a1ng lai!<\/p>\n<h4><strong>V\u1ecb tr\u00ed: Nh\u00e2n vi\u00ean Kinh doanh B\u1ea5t \u0111\u1ed9ng s\u1ea3n<\/strong><\/h4>\n<ul class=\"marker:text-secondary\">\n<li class=\"break-words\"><strong>S\u1ed1 l\u01b0\u1ee3ng<\/strong>: 10 ng\u01b0\u1eddi<\/li>\n<li class=\"break-words\"><strong>\u0110\u1ecba \u0111i\u1ec3m l\u00e0m vi\u1ec7c<\/strong>: [\u0110\u1ecba ch\u1ec9 c\u00f4ng ty]<\/li>\n<li class=\"break-words\"><strong>Th\u1eddi gian l\u00e0m vi\u1ec7c<\/strong>: To\u00e0n th\u1eddi gian (Th\u1ee9 2 \u2013 Th\u1ee9 7)<\/li>\n<\/ul>\n<h4><strong>M\u00f4 t\u1ea3 c\u00f4ng vi\u1ec7c<\/strong><\/h4>\n<ul class=\"marker:text-secondary\">\n<li class=\"break-words\">T\u00ecm ki\u1ebfm v\u00e0 t\u01b0 v\u1ea5n kh\u00e1ch h\u00e0ng v\u1ec1 c\u00e1c s\u1ea3n ph\u1ea9m b\u1ea5t \u0111\u1ed9ng s\u1ea3n c\u1ee7a c\u00f4ng ty.<\/li>\n<li class=\"break-words\">X\u00e2y d\u1ef1ng v\u00e0 duy tr\u00ec m\u1ed1i quan h\u1ec7 v\u1edbi kh\u00e1ch h\u00e0ng ti\u1ec1m n\u0103ng.<\/li>\n<li class=\"break-words\">Tham gia c\u00e1c bu\u1ed5i \u0111\u00e0o t\u1ea1o, s\u1ef1 ki\u1ec7n gi\u1edbi thi\u1ec7u d\u1ef1 \u00e1n c\u00f9ng \u0111\u1ed9i ng\u0169.<\/li>\n<li class=\"break-words\">B\u00e1o c\u00e1o ti\u1ebfn \u0111\u1ed9 c\u00f4ng vi\u1ec7c v\u00e0 ph\u1ed1i h\u1ee3p v\u1edbi \u0111\u1ed9i nh\u00f3m \u0111\u1ec3 \u0111\u1ea1t m\u1ee5c ti\u00eau doanh s\u1ed1.<\/li>\n<\/ul>\n<h4><strong>Y\u00eau c\u1ea7u<\/strong><\/h4>\n<ul class=\"marker:text-secondary\">\n<li class=\"break-words\">\u0110am m\u00ea kinh doanh, kh\u00f4ng ng\u1ea1i th\u1eed th\u00e1ch.<\/li>\n<li class=\"break-words\">K\u1ef9 n\u0103ng giao ti\u1ebfp t\u1ed1t, tinh th\u1ea7n h\u1ecdc h\u1ecfi cao.<\/li>\n<li class=\"break-words\">\u01afu ti\u00ean \u1ee9ng vi\u00ean c\u00f3 kinh nghi\u1ec7m trong l\u0129nh v\u1ef1c kinh doanh, b\u00e1n h\u00e0ng ho\u1eb7c b\u1ea5t \u0111\u1ed9ng s\u1ea3n (kh\u00f4ng b\u1eaft bu\u1ed9c).<\/li>\n<li class=\"break-words\">\u0110\u1ed9 tu\u1ed5i: 22 \u2013 35.<\/li>\n<\/ul>\n<h4><strong>Quy\u1ec1n l\u1ee3i<\/strong><\/h4>\n<ul class=\"marker:text-secondary\">\n<li class=\"break-words\"><strong>Thu nh\u1eadp h\u1ea5p d\u1eabn<\/strong>: L\u01b0\u01a1ng c\u01a1 b\u1ea3n + hoa h\u1ed3ng kh\u00f4ng gi\u1edbi h\u1ea1n (thu nh\u1eadp trung b\u00ecnh t\u1eeb 15 \u2013 50 tri\u1ec7u\/th\u00e1ng t\u00f9y n\u0103ng l\u1ef1c).<\/li>\n<li class=\"break-words\"><strong>\u0110\u00e0o t\u1ea1o chuy\u00ean s\u00e2u<\/strong>: H\u1ed7 tr\u1ee3 t\u1eeb A-Z b\u1edfi \u0111\u1ed9i ng\u0169 qu\u1ea3n l\u00fd gi\u00e0u kinh nghi\u1ec7m.<\/li>\n<li class=\"break-words\"><strong>C\u01a1 h\u1ed9i th\u0103ng ti\u1ebfn<\/strong>: Ph\u00e1t tri\u1ec3n l\u00ean c\u00e1c v\u1ecb tr\u00ed Tr\u01b0\u1edfng nh\u00f3m, Qu\u1ea3n l\u00fd trong 6-12 th\u00e1ng.<\/li>\n<li class=\"break-words\"><strong>M\u00f4i tr\u01b0\u1eddng l\u00e0m vi\u1ec7c<\/strong>: Chuy\u00ean nghi\u1ec7p, tr\u1ebb trung, \u0111\u1ed3ng h\u00e0nh c\u00f9ng \u0111\u1ed9i ng\u0169 100+ th\u00e0nh vi\u00ean \u0111\u1ea7y nhi\u1ec7t huy\u1ebft.<\/li>\n<li class=\"break-words\">Tham gia c\u00e1c ho\u1ea1t \u0111\u1ed9ng n\u1ed9i b\u1ed9: team building, du l\u1ecbch h\u00e0ng n\u0103m.<\/li>\n<\/ul>\n<h4><strong>T\u1ea1i sao ch\u1ecdn \u0110\u1ecba \u1ed1c Kh\u1edfi Ngu\u1ed3n?<\/strong><\/h4>\n<p class=\"break-words\">V\u1edbi s\u1ee9 m\u1ec7nh \u201cV\u1eefng b\u01b0\u1edbc t\u01b0\u01a1ng lai\u201d, ch\u00fang t\u00f4i kh\u00f4ng ch\u1ec9 mang \u0111\u1ebfn gi\u00e1 tr\u1ecb cho kh\u00e1ch h\u00e0ng m\u00e0 c\u00f2n t\u1ea1o c\u01a1 h\u1ed9i \u0111\u1ec3 m\u1ed7i nh\u00e2n vi\u00ean ph\u00e1t tri\u1ec3n b\u1ea3n th\u00e2n, kh\u1eb3ng \u0111\u1ecbnh n\u0103ng l\u1ef1c v\u00e0 x\u00e2y d\u1ef1ng s\u1ef1 nghi\u1ec7p b\u1ec1n v\u1eefng trong ng\u00e0nh b\u1ea5t \u0111\u1ed9ng s\u1ea3n.<\/p>\n<h4><strong>C\u00e1ch th\u1ee9c \u1ee9ng tuy\u1ec3n<\/strong><\/h4>\n<ul class=\"marker:text-secondary\">\n<li class=\"break-words\">G\u1eedi CV v\u1ec1 email: tuyendung@khoinguon.com.vn v\u1edbi ti\u00eau \u0111\u1ec1 <strong>[\u1ee8ng tuy\u1ec3n NVKD \u2013 H\u1ecd t\u00ean]<\/strong>.<\/li>\n<li class=\"break-words\">Li\u00ean h\u1ec7: 0909391219 \u2013 MS Ti\u1ebfn &#8211; Ph\u00f2ng Nh\u00e2n S\u1ef1<\/li>\n<\/ul>\n<p class=\"break-words\">H\u00e3y gia nh\u1eadp \u0110\u1ecba \u1ed1c Kh\u1edfi Ngu\u1ed3n ngay h\u00f4m nay \u0111\u1ec3 c\u00f9ng ch\u00fang t\u00f4i \u201cV\u1eefng b\u01b0\u1edbc t\u01b0\u01a1ng lai\u201d!<br \/>\n<strong>\u0110\u1ecba \u1ed1c Kh\u1edfi Ngu\u1ed3n \u2013 N\u01a1i kh\u1edfi \u0111\u1ea7u th\u00e0nh c\u00f4ng c\u1ee7a b\u1ea1n.<\/strong><\/p>\n<p class=\"text-xl text-&#091;#333333&#093; font-bold uppercase m-&#091;40px_0_20px&#093; sm:m-&#091;20px_0_12px&#093; sm:text-center\"><strong>C\u00d4NG TY TNHH TH\u01af\u01a0NG M\u1ea0I D\u1ecaCH V\u1ee4 \u0110\u1ecaA \u1ed0C KH\u1edeI NGU\u1ed2N<\/strong><\/p>\n<p>\u0110\u1ecba ch\u1ec9 : NP06 \u2013 16N2 KHU \u0110\u00d4 TH\u1eca TH\u01af\u01a0NG M\u1ea0I D\u1ecaCH V\u1ee4 THE SEASON, PH\u01af\u1edcNG L\u00c1I THI\u00caU, TH\u00c0NH PH\u1ed0 THU\u1eacN AN, B\u00ccNH D\u01af\u01a0NG<\/p>\n<p>Chi nh\u00e1nh 1: 11 TR\u1ea6N TH\u1eca V\u1eeeNG, PH\u01af\u1edcNG AN B\u00ccNH, TP D\u0128 AN, B\u00ccNH D\u01af\u01a0NG<\/p>\n<hr \/>\n<p class=\"break-words\">\n<\/div>\n\t\t\t<\/div>\n\t\n\t\t<\/div>\n\t\t\t\t\t<\/div>\n\n\t\n<\/div>\n\t\t<\/div>\n\n\t\t\n<style>\n#section_15553466 {\n  padding-top: 10px;\n  padding-bottom: 10px;\n}\n<\/style>\n\t<\/section>\n\t\n","protected":false},"excerpt":{"rendered":"","protected":false},"author":1,"featured_media":0,"parent":0,"menu_order":0,"comment_status":"closed","ping_status":"closed","template":"page-blank.php","meta":{"footnotes":""},"class_list":["post-688","page","type-page","status-publish","hentry"],"_links":{"self":[{"href":"https:\/\/diaockhoinguon.com.vn\/index.php?rest_route=\/wp\/v2\/pages\/688","targetHints":{"allow":["GET"]}}],"collection":[{"href":"https:\/\/diaockhoinguon.com.vn\/index.php?rest_route=\/wp\/v2\/pages"}],"about":[{"href":"https:\/\/diaockhoinguon.com.vn\/index.php?rest_route=\/wp\/v2\/types\/page"}],"author":[{"embeddable":true,"href":"https:\/\/diaockhoinguon.com.vn\/index.php?rest_route=\/wp\/v2\/users\/1"}],"replies":[{"embeddable":true,"href":"https:\/\/diaockhoinguon.com.vn\/index.php?rest_route=%2Fwp%2Fv2%2Fcomments&post=688"}],"version-history":[{"count":7,"href":"https:\/\/diaockhoinguon.com.vn\/index.php?rest_route=\/wp\/v2\/pages\/688\/revisions"}],"predecessor-version":[{"id":1042,"href":"https:\/\/diaockhoinguon.com.vn\/index.php?rest_route=\/wp\/v2\/pages\/688\/revisions\/1042"}],"wp:attachment":[{"href":"https:\/\/diaockhoinguon.com.vn\/index.php?rest_route=%2Fwp%2Fv2%2Fmedia&parent=688"}],"curies":[{"name":"wp","href":"https:\/\/api.w.org\/{rel}","templated":true}]}}